{"id":30,"date":"2026-01-20T15:36:26","date_gmt":"2026-01-20T14:36:26","guid":{"rendered":"https:\/\/adok1.hu\/?page_id=30"},"modified":"2026-01-22T14:39:56","modified_gmt":"2026-01-22T13:39:56","slug":"elerhetoseg","status":"publish","type":"page","link":"https:\/\/adok1.hu\/index.php\/elerhetoseg\/","title":{"rendered":"El\u00e9rhet\u0151s\u00e9g"},"content":{"rendered":"\r\n<p>Kir\u00e1lyi M\u0171v\u00e9szeti Gal\u00e9ria K\u00f6zhaszn\u00fa Alap\u00edtv\u00e1ny<\/p>\r\n<p>1055 Budapest, Falk Miksa utca 6. f\u00f6ldszint<\/p>\r\n<p>Ad\u00f3sz\u00e1m: 19325576-1-41<\/p>\r\n<p>Nyilv\u00e1ntart\u00e1si sz\u00e1ma: 01-01-0013269<\/p>\r\n<p>royalartgalleryfoundation(KUKAC)gmail.com<\/p>\r\n<p>+36-20-40-20-368<\/p>\r\n","protected":false},"excerpt":{"rendered":"<p>Kir\u00e1lyi M\u0171v\u00e9szeti Gal\u00e9ria K\u00f6zhaszn\u00fa Alap\u00edtv\u00e1ny 1055 Budapest, Falk Miksa utca 6. f\u00f6ldszint Ad\u00f3sz\u00e1m: 19325576-1-41 Nyilv\u00e1ntart\u00e1si sz\u00e1ma: 01-01-0013269 royalartgalleryfoundation(KUKAC)gmail.com +36-20-40-20-368<\/p>\n","protected":false},"author":1,"featured_media":85,"parent":0,"menu_order":0,"comment_status":"closed","ping_status":"closed","template":"","meta":{"footnotes":""},"class_list":["post-30","page","type-page","status-publish","has-post-thumbnail","hentry"],"_links":{"self":[{"href":"https:\/\/adok1.hu\/index.php\/wp-json\/wp\/v2\/pages\/30","targetHints":{"allow":["GET"]}}],"collection":[{"href":"https:\/\/adok1.hu\/index.php\/wp-json\/wp\/v2\/pages"}],"about":[{"href":"https:\/\/adok1.hu\/index.php\/wp-json\/wp\/v2\/types\/page"}],"author":[{"embeddable":true,"href":"https:\/\/adok1.hu\/index.php\/wp-json\/wp\/v2\/users\/1"}],"replies":[{"embeddable":true,"href":"https:\/\/adok1.hu\/index.php\/wp-json\/wp\/v2\/comments?post=30"}],"version-history":[{"count":5,"href":"https:\/\/adok1.hu\/index.php\/wp-json\/wp\/v2\/pages\/30\/revisions"}],"predecessor-version":[{"id":84,"href":"https:\/\/adok1.hu\/index.php\/wp-json\/wp\/v2\/pages\/30\/revisions\/84"}],"wp:featuredmedia":[{"embeddable":true,"href":"https:\/\/adok1.hu\/index.php\/wp-json\/wp\/v2\/media\/85"}],"wp:attachment":[{"href":"https:\/\/adok1.hu\/index.php\/wp-json\/wp\/v2\/media?parent=30"}],"curies":[{"name":"wp","href":"https:\/\/api.w.org\/{rel}","templated":true}]}}