{"id":29,"date":"2026-01-20T15:36:26","date_gmt":"2026-01-20T14:36:26","guid":{"rendered":"https:\/\/adok1.hu\/?page_id=29"},"modified":"2026-03-27T07:58:36","modified_gmt":"2026-03-27T06:58:36","slug":"rolunk","status":"publish","type":"page","link":"https:\/\/adok1.hu\/index.php\/rolunk\/","title":{"rendered":"\u00datmutat\u00f3 a felaj\u00e1nl\u00e1shoz"},"content":{"rendered":"\r\n<p>Hogyan aj\u00e1nlhatod fel az SZJA 1%-ot?<\/p>\r\n<p>Egy perces t\u00e1j\u00e9koztat\u00f3 minden r\u00e9szletet tartalmaz.<\/p>\r\n<h2 data-start=\"149\" data-end=\"196\">SZJA 1% felaj\u00e1nl\u00e1s l\u00e9p\u00e9sr\u0151l l\u00e9p\u00e9sre (online)<\/h2>\r\n<ol data-start=\"198\" data-end=\"918\">\r\n<li data-start=\"198\" data-end=\"294\">\r\n<p data-start=\"201\" data-end=\"294\"><strong data-start=\"201\" data-end=\"230\">Nyisd meg az eSZJA oldalt<\/strong><br data-start=\"230\" data-end=\"233\" \/>\u2013 L\u00e9pj be az \u00dcgyf\u00e9lkapus azonos\u00edt\u00f3ddal az eSZJA fel\u00fcletre.<br \/><a href=\"https:\/\/eszja.nav.gov.hu\/\">https:\/\/eszja.nav.gov.hu\/<\/a><\/p>\r\n<\/li>\r\n<li data-start=\"296\" data-end=\"369\">\r\n<p data-start=\"299\" data-end=\"369\"><strong data-start=\"299\" data-end=\"330\">Kattints a \u201eBel\u00e9p\u00e9s\u201d gombra<\/strong><br data-start=\"330\" data-end=\"333\" \/>\u2013 Jelentkezz be az \u00dcgyf\u00e9lkapuval vagy DAP alkalmaz\u00e1ssal.<\/p>\r\n<\/li>\r\n<li data-start=\"371\" data-end=\"453\">\r\n<p data-start=\"374\" data-end=\"453\"><strong data-start=\"374\" data-end=\"411\">V\u00e1laszd ki: \u201e1+1%-os nyilatkozat\u201d<\/strong><br data-start=\"411\" data-end=\"414\" \/>\u2013 Ez k\u00fcl\u00f6n men\u00fcpontk\u00e9nt jelenik meg.<\/p>\r\n<\/li>\r\n<li data-start=\"455\" data-end=\"495\">\r\n<p data-start=\"458\" data-end=\"495\"><strong data-start=\"458\" data-end=\"495\">Kattints: \u201eNyilatkozat kit\u00f6lt\u00e9se\u201d<\/strong><\/p>\r\n<\/li>\r\n<li data-start=\"497\" data-end=\"550\">\r\n<p data-start=\"500\" data-end=\"550\"><strong data-start=\"500\" data-end=\"550\">V\u00e1laszd az \u201eCivil kedvezm\u00e9nyezett\u201d lehet\u0151s\u00e9get<\/strong><\/p>\r\n<\/li>\r\n<li data-start=\"552\" data-end=\"686\">\r\n<p data-start=\"555\" data-end=\"686\"><strong data-start=\"555\" data-end=\"589\">\u00cdrd be alap\u00edtv\u00e1nyunk ad\u00f3sz\u00e1m\u00e1t<\/strong><br data-start=\"589\" data-end=\"592\" \/>Ad\u00f3sz\u00e1m: <strong>19325576-1-41<\/strong><br \/>\u2013 A rendszer automatikusan megjelen\u00edti az alap\u00edtv\u00e1ny nev\u00e9t.<\/p>\r\n<\/li>\r\n<li data-start=\"688\" data-end=\"765\">\r\n<p data-start=\"691\" data-end=\"765\"><strong data-start=\"691\" data-end=\"717\">Ellen\u0151rizd az adatokat<\/strong><br data-start=\"717\" data-end=\"720\" \/>\u2013 Ha helyesek, kattints a \u201eTov\u00e1bb\u201d gombra.<\/p>\r\n<\/li>\r\n<li data-start=\"767\" data-end=\"858\">\r\n<p data-start=\"770\" data-end=\"858\"><strong data-start=\"770\" data-end=\"802\">Kattints a \u201eBek\u00fcld\u00e9s\u201d gombra<\/strong><br data-start=\"802\" data-end=\"805\" \/>\u2013 A rendszer visszaigazolja a sikeres felaj\u00e1nl\u00e1st.<\/p>\r\n<\/li>\r\n<li data-start=\"860\" data-end=\"918\">\r\n<p data-start=\"863\" data-end=\"918\"><strong data-start=\"863\" data-end=\"872\">K\u00e9sz!<\/strong><br data-start=\"872\" data-end=\"875\" \/>\u2013 Az 1% felaj\u00e1nl\u00e1s sikeresen megt\u00f6rt\u00e9nt.<\/p>\r\n<\/li>\r\n<\/ol>\r\n","protected":false},"excerpt":{"rendered":"<p>Hogyan aj\u00e1nlhatod fel az SZJA 1%-ot? Egy perces t\u00e1j\u00e9koztat\u00f3 minden r\u00e9szletet tartalmaz. SZJA 1% felaj\u00e1nl\u00e1s l\u00e9p\u00e9sr\u0151l l\u00e9p\u00e9sre (online) Nyisd meg az eSZJA oldalt\u2013 L\u00e9pj be az \u00dcgyf\u00e9lkapus azonos\u00edt\u00f3ddal az eSZJA fel\u00fcletre.https:\/\/eszja.nav.gov.hu\/ Kattints a \u201eBel\u00e9p\u00e9s\u201d gombra\u2013 Jelentkezz be az \u00dcgyf\u00e9lkapuval vagy DAP alkalmaz\u00e1ssal. V\u00e1laszd ki: \u201e1+1%-os nyilatkozat\u201d\u2013 Ez k\u00fcl\u00f6n men\u00fcpontk\u00e9nt jelenik meg. Kattints: \u201eNyilatkozat kit\u00f6lt\u00e9se\u201d V\u00e1laszd &hellip; <\/p>\n<p class=\"link-more\"><a href=\"https:\/\/adok1.hu\/index.php\/rolunk\/\" class=\"more-link\"><span class=\"screen-reader-text\">&#8222;\u00datmutat\u00f3 a felaj\u00e1nl\u00e1shoz&#8221;<\/span> b\u0151vebben<\/a><\/p>\n","protected":false},"author":1,"featured_media":87,"parent":0,"menu_order":0,"comment_status":"closed","ping_status":"closed","template":"","meta":{"footnotes":""},"class_list":["post-29","page","type-page","status-publish","has-post-thumbnail","hentry"],"_links":{"self":[{"href":"https:\/\/adok1.hu\/index.php\/wp-json\/wp\/v2\/pages\/29","targetHints":{"allow":["GET"]}}],"collection":[{"href":"https:\/\/adok1.hu\/index.php\/wp-json\/wp\/v2\/pages"}],"about":[{"href":"https:\/\/adok1.hu\/index.php\/wp-json\/wp\/v2\/types\/page"}],"author":[{"embeddable":true,"href":"https:\/\/adok1.hu\/index.php\/wp-json\/wp\/v2\/users\/1"}],"replies":[{"embeddable":true,"href":"https:\/\/adok1.hu\/index.php\/wp-json\/wp\/v2\/comments?post=29"}],"version-history":[{"count":8,"href":"https:\/\/adok1.hu\/index.php\/wp-json\/wp\/v2\/pages\/29\/revisions"}],"predecessor-version":[{"id":101,"href":"https:\/\/adok1.hu\/index.php\/wp-json\/wp\/v2\/pages\/29\/revisions\/101"}],"wp:featuredmedia":[{"embeddable":true,"href":"https:\/\/adok1.hu\/index.php\/wp-json\/wp\/v2\/media\/87"}],"wp:attachment":[{"href":"https:\/\/adok1.hu\/index.php\/wp-json\/wp\/v2\/media?parent=29"}],"curies":[{"name":"wp","href":"https:\/\/api.w.org\/{rel}","templated":true}]}}